{"id":613,"date":"2023-04-07T14:53:37","date_gmt":"2023-04-07T12:53:37","guid":{"rendered":"https:\/\/galvaninagroup.com\/privacy-cookie\/"},"modified":"2026-02-10T16:35:27","modified_gmt":"2026-02-10T15:35:27","slug":"privacy-cookie","status":"publish","type":"page","link":"https:\/\/galvaninagroup.com\/it\/privacy-cookie\/","title":{"rendered":"Privacy &#038; Cookie"},"content":{"rendered":"<div class=\"post-content lg-mb3 link-slide-up\">\n<p>Il Regolamento europeo sulla protezione dei dati (GDPR) sostituisce la direttiva europea 95\/46\/CE. Il Regolamento mira a fornire un quadro moderno, uniforme e solido per la protezione dei dati in Europa basato sul principio della responsabilit\u00e0. Le nuove previsioni hanno un impatto in termini organizzativi, operativi e tecnologici e, allo stesso tempo, stabiliscono un sistema sanzionatorio pi\u00f9 severo rispetto a quello precedente.<\/p>\n<p>Il cambiamento pi\u00f9 significativo nel panorama normativo della protezione dei dati riguarda l&#8217;ampia giurisdizione del GDPR, che si applica al trattamento dei dati personali effettuato nell&#8217;ambito delle attivit\u00e0 di uno stabilimento da parte di un titolare del trattamento o di un responsabile del trattamento nell&#8217;Unione europea, indipendentemente dal fatto che il trattamento sia effettuato nell&#8217;Unione europea o meno. Inoltre, il regolamento si applica al trattamento dei dati personali di interessati che si trovano nell&#8217;Unione, effettuato da un titolare del trattamento o da un responsabile del trattamento che non \u00e8 stabilito nell&#8217;Unione, quando le attivit\u00e0 di trattamento riguardano: l&#8217;offerta di beni o la fornitura di servizi al suddetto interessato nell&#8217;Unione, indipendentemente dall&#8217;obbligo di pagamento da parte dell&#8217;interessato; oppure il monitoraggio del loro comportamento nella misura in cui tale comportamento abbia luogo all&#8217;interno dell&#8217;Unione europea.<\/p>\n<p data-start=\"0\" data-end=\"242\">Il Regolamento si applica inoltre al trattamento di dati personali effettuato da un titolare del trattamento che non \u00e8 stabilito nell\u2019Unione, ma in un luogo soggetto al diritto di uno Stato membro in virt\u00f9 del diritto internazionale pubblico.<\/p>\n<p data-start=\"244\" data-end=\"490\">Il GDPR richiede alle aziende di adottare adeguate misure tecniche e organizzative per dare attuazione ai principi di protezione dei dati e tutelare i diritti degli interessati: si tratta del cosiddetto \u201cData Protection by Design and by Default\u201d.<\/p>\n<p data-start=\"492\" data-end=\"1093\" data-is-last-node=\"\" data-is-only-node=\"\">Il \u201cData Protection by Design\u201d garantisce che l\u2019azienda tenga conto delle problematiche relative alla privacy e alla protezione dei dati fin dalla fase di progettazione di qualsiasi sistema, servizio, prodotto o processo e quindi durante tutto il suo ciclo di vita.<br data-start=\"757\" data-end=\"760\" \/>Il \u201cData Protection by Default\u201d richiede a La Galvanina S.p.A. di garantire che la Societ\u00e0 tratti esclusivamente i dati necessari al raggiungimento di una specifica finalit\u00e0 e per un periodo di tempo non superiore a quello necessario al conseguimento della finalit\u00e0 per la quale i dati sono stati raccolti e successivamente trattati.<\/p>\n<p>La Galvanina S.p.A. ha adottato un Modello di Gestione per la Protezione dei Dati Personali ai sensi del GDPR, tenendo conto anche delle disposizioni del D.Lgs. 196\/2003, come modificato dal D.Lgs. 101\/2018, definendo regole e procedure vincolanti per la Societ\u00e0 e per i propri dipendenti.<\/p>\n<p>La Galvanina S.p.A. rivede e aggiorna periodicamente, ove necessario, la propria Policy in materia di Protezione dei Dati e Sicurezza delle Informazioni e definisce linee guida evolutive che traduce in un piano di implementazione degli aggiornamenti.<\/p>\n<p>Nei diversi documenti pubblicati nella sezione \u201cPrivacy\u201d dei propri siti web, La Galvanina S.p.A. fornisce, ai sensi degli artt. 13 e 14 del GDPR, tutte le informazioni richieste dalla normativa, che variano in base alle finalit\u00e0 per le quali i Dati Personali degli Interessati vengono trattati.<\/p>\n<p>Per qualsiasi ulteriore chiarimento in merito al contenuto delle informative privacy di La Galvanina, l\u2019utente \u00e8 invitato a contattare il referente individuato per la materia all\u2019indirizzo e-mail: <strong><a href=\"mailto:privacy@galvanina.com\">privacy@galvanina.com<\/a><\/strong>.<\/p>\n<p>&nbsp;<\/p>\n<p><a href=\"https:\/\/galvaninagroup.com\/it\/privacy-policy\/\"><strong>Privacy Policy<\/strong><\/a><\/p>\n<p><a href=\"https:\/\/galvaninagroup.com\/it\/cookie-policy\/\"><strong>Cookie Policy<\/strong><\/a><\/p>\n<p><a href=\"https:\/\/galvaninagroup.com\/wp-content\/uploads\/2026\/02\/Privacy-Informativa-B2B.pdf\" target=\"_blank\" rel=\"noopener\"><b>Informativa fornitori\/partner commerciale e loro dipendenti\/collaboratori<\/b><\/a><\/p>\n<\/div>\n","protected":false},"excerpt":{"rendered":"<p>Il Regolamento europeo sulla protezione dei dati (GDPR) sostituisce la direttiva europea 95\/46\/CE. Il Regolamento mira a fornire un quadro moderno, uniforme e solido per la protezione dei dati in Europa basato sul principio della responsabilit\u00e0. Le nuove previsioni hanno un impatto in termini organizzativi, operativi e tecnologici e, allo stesso tempo, stabiliscono un sistema [&hellip;]<\/p>\n","protected":false},"author":2,"featured_media":0,"parent":0,"menu_order":0,"comment_status":"closed","ping_status":"closed","template":"","meta":{"_acf_changed":false,"inline_featured_image":false,"footnotes":""},"class_list":["post-613","page","type-page","status-publish","hentry"],"acf":[],"yoast_head":"<!-- This site is optimized with the Yoast SEO plugin v27.2 - https:\/\/yoast.com\/product\/yoast-seo-wordpress\/ -->\n<title>Privacy &amp; Cookie - Galvanina Group<\/title>\n<meta name=\"robots\" content=\"index, follow, max-snippet:-1, max-image-preview:large, max-video-preview:-1\" \/>\n<link rel=\"canonical\" href=\"https:\/\/galvaninagroup.com\/it\/privacy-cookie\/\" \/>\n<meta property=\"og:locale\" content=\"it_IT\" \/>\n<meta property=\"og:type\" content=\"article\" \/>\n<meta property=\"og:title\" content=\"Privacy &amp; Cookie - Galvanina Group\" \/>\n<meta property=\"og:description\" content=\"Il Regolamento europeo sulla protezione dei dati (GDPR) sostituisce la direttiva europea 95\/46\/CE. Il Regolamento mira a fornire un quadro moderno, uniforme e solido per la protezione dei dati in Europa basato sul principio della responsabilit\u00e0. Le nuove previsioni hanno un impatto in termini organizzativi, operativi e tecnologici e, allo stesso tempo, stabiliscono un sistema [&hellip;]\" \/>\n<meta property=\"og:url\" content=\"https:\/\/galvaninagroup.com\/it\/privacy-cookie\/\" \/>\n<meta property=\"og:site_name\" content=\"Galvanina Group\" \/>\n<meta property=\"article:modified_time\" content=\"2026-02-10T15:35:27+00:00\" \/>\n<meta property=\"og:image\" content=\"https:\/\/galvaninagroup.com\/wp-content\/uploads\/2023\/03\/galvanina-anteprima-pagina.jpg\" \/>\n\t<meta property=\"og:image:width\" content=\"1080\" \/>\n\t<meta property=\"og:image:height\" content=\"1080\" \/>\n\t<meta property=\"og:image:type\" content=\"image\/jpeg\" \/>\n<meta name=\"twitter:card\" content=\"summary_large_image\" \/>\n<script type=\"application\/ld+json\" class=\"yoast-schema-graph\">{\"@context\":\"https:\/\/schema.org\",\"@graph\":[{\"@type\":\"WebPage\",\"@id\":\"https:\/\/galvaninagroup.com\/it\/privacy-cookie\/\",\"url\":\"https:\/\/galvaninagroup.com\/it\/privacy-cookie\/\",\"name\":\"Privacy & Cookie - Galvanina Group\",\"isPartOf\":{\"@id\":\"https:\/\/galvaninagroup.com\/it\/#website\"},\"datePublished\":\"2023-04-07T12:53:37+00:00\",\"dateModified\":\"2026-02-10T15:35:27+00:00\",\"breadcrumb\":{\"@id\":\"https:\/\/galvaninagroup.com\/it\/privacy-cookie\/#breadcrumb\"},\"inLanguage\":\"it-IT\",\"potentialAction\":[{\"@type\":\"ReadAction\",\"target\":[\"https:\/\/galvaninagroup.com\/it\/privacy-cookie\/\"]}]},{\"@type\":\"BreadcrumbList\",\"@id\":\"https:\/\/galvaninagroup.com\/it\/privacy-cookie\/#breadcrumb\",\"itemListElement\":[{\"@type\":\"ListItem\",\"position\":1,\"name\":\"Home\",\"item\":\"https:\/\/galvaninagroup.com\/it\/\"},{\"@type\":\"ListItem\",\"position\":2,\"name\":\"Privacy &#038; Cookie\"}]},{\"@type\":\"WebSite\",\"@id\":\"https:\/\/galvaninagroup.com\/it\/#website\",\"url\":\"https:\/\/galvaninagroup.com\/it\/\",\"name\":\"Galvanina Group\",\"description\":\"\",\"potentialAction\":[{\"@type\":\"SearchAction\",\"target\":{\"@type\":\"EntryPoint\",\"urlTemplate\":\"https:\/\/galvaninagroup.com\/it\/?s={search_term_string}\"},\"query-input\":{\"@type\":\"PropertyValueSpecification\",\"valueRequired\":true,\"valueName\":\"search_term_string\"}}],\"inLanguage\":\"it-IT\"}]}<\/script>\n<!-- \/ Yoast SEO plugin. -->","yoast_head_json":{"title":"Privacy & Cookie - Galvanina Group","robots":{"index":"index","follow":"follow","max-snippet":"max-snippet:-1","max-image-preview":"max-image-preview:large","max-video-preview":"max-video-preview:-1"},"canonical":"https:\/\/galvaninagroup.com\/it\/privacy-cookie\/","og_locale":"it_IT","og_type":"article","og_title":"Privacy & Cookie - Galvanina Group","og_description":"Il Regolamento europeo sulla protezione dei dati (GDPR) sostituisce la direttiva europea 95\/46\/CE. Il Regolamento mira a fornire un quadro moderno, uniforme e solido per la protezione dei dati in Europa basato sul principio della responsabilit\u00e0. Le nuove previsioni hanno un impatto in termini organizzativi, operativi e tecnologici e, allo stesso tempo, stabiliscono un sistema [&hellip;]","og_url":"https:\/\/galvaninagroup.com\/it\/privacy-cookie\/","og_site_name":"Galvanina Group","article_modified_time":"2026-02-10T15:35:27+00:00","og_image":[{"width":1080,"height":1080,"url":"https:\/\/galvaninagroup.com\/wp-content\/uploads\/2023\/03\/galvanina-anteprima-pagina.jpg","type":"image\/jpeg"}],"twitter_card":"summary_large_image","schema":{"@context":"https:\/\/schema.org","@graph":[{"@type":"WebPage","@id":"https:\/\/galvaninagroup.com\/it\/privacy-cookie\/","url":"https:\/\/galvaninagroup.com\/it\/privacy-cookie\/","name":"Privacy & Cookie - Galvanina Group","isPartOf":{"@id":"https:\/\/galvaninagroup.com\/it\/#website"},"datePublished":"2023-04-07T12:53:37+00:00","dateModified":"2026-02-10T15:35:27+00:00","breadcrumb":{"@id":"https:\/\/galvaninagroup.com\/it\/privacy-cookie\/#breadcrumb"},"inLanguage":"it-IT","potentialAction":[{"@type":"ReadAction","target":["https:\/\/galvaninagroup.com\/it\/privacy-cookie\/"]}]},{"@type":"BreadcrumbList","@id":"https:\/\/galvaninagroup.com\/it\/privacy-cookie\/#breadcrumb","itemListElement":[{"@type":"ListItem","position":1,"name":"Home","item":"https:\/\/galvaninagroup.com\/it\/"},{"@type":"ListItem","position":2,"name":"Privacy &#038; Cookie"}]},{"@type":"WebSite","@id":"https:\/\/galvaninagroup.com\/it\/#website","url":"https:\/\/galvaninagroup.com\/it\/","name":"Galvanina Group","description":"","potentialAction":[{"@type":"SearchAction","target":{"@type":"EntryPoint","urlTemplate":"https:\/\/galvaninagroup.com\/it\/?s={search_term_string}"},"query-input":{"@type":"PropertyValueSpecification","valueRequired":true,"valueName":"search_term_string"}}],"inLanguage":"it-IT"}]}},"_links":{"self":[{"href":"https:\/\/galvaninagroup.com\/it\/wp-json\/wp\/v2\/pages\/613","targetHints":{"allow":["GET"]}}],"collection":[{"href":"https:\/\/galvaninagroup.com\/it\/wp-json\/wp\/v2\/pages"}],"about":[{"href":"https:\/\/galvaninagroup.com\/it\/wp-json\/wp\/v2\/types\/page"}],"author":[{"embeddable":true,"href":"https:\/\/galvaninagroup.com\/it\/wp-json\/wp\/v2\/users\/2"}],"replies":[{"embeddable":true,"href":"https:\/\/galvaninagroup.com\/it\/wp-json\/wp\/v2\/comments?post=613"}],"version-history":[{"count":3,"href":"https:\/\/galvaninagroup.com\/it\/wp-json\/wp\/v2\/pages\/613\/revisions"}],"predecessor-version":[{"id":621,"href":"https:\/\/galvaninagroup.com\/it\/wp-json\/wp\/v2\/pages\/613\/revisions\/621"}],"wp:attachment":[{"href":"https:\/\/galvaninagroup.com\/it\/wp-json\/wp\/v2\/media?parent=613"}],"curies":[{"name":"wp","href":"https:\/\/api.w.org\/{rel}","templated":true}]}}