{"id":617,"date":"2022-12-22T10:41:50","date_gmt":"2022-12-22T09:41:50","guid":{"rendered":"https:\/\/galvaninagroup.com\/cookie-policy\/"},"modified":"2022-12-22T10:41:50","modified_gmt":"2022-12-22T09:41:50","slug":"cookie-policy","status":"publish","type":"page","link":"https:\/\/galvaninagroup.com\/it\/cookie-policy\/","title":{"rendered":"Cookie Policy"},"content":{"rendered":"<p><strong>www.galvaninagroup.com<\/strong><\/p>\n<p>Data ultimo aggiornamento: 22 dicembre 2022<\/p>\n<p>Ai sensi degli artt. 13 GDPR e 122 del D.Lgs. 196\/2003 (\u201c<strong>Codice Privacy<\/strong>\u201d), come modificato dal D.lgs. 101\/2018, nonch\u00e9 in base a quanto previsto dal Provvedimento generale del Garante per la protezione dei dati personali n. 229 dell\u20198 maggio 2014, e dal pi\u00f9 recente Provvedimento n. 231 del 10 giugno 2021 (\u201c<strong>Linee guida cookie e altri strumenti di tracciamento<\/strong>\u201d),\u00a0<strong>La Galvanina S.p.A.<\/strong>, Titolare del trattamento, fornisce attraverso questa informativa estesa agli utenti del sito www.galvanina.com (di seguito il \u201c<strong>Sito<\/strong>\u201d) alcune informazioni relative ai cookie utilizzati e alle modalit\u00e0 di disattivazione degli stessi.<\/p>\n<p><strong>COSA SONO I COOKIES?<\/strong><br \/>\nI cookie sono file di testo che archiviano informazioni sul tuo hard disk, sul tuo tablet, sul tuo smartphone o sul browser che utilizzi. I cookie agiscono come una memoria per un sito web, consentendo il riconoscimento da parte del sito web del tuo device ad ogni tua visita successiva a quel medesimo sito. I cookie rendono pi\u00f9 semplice la conservazione delle tue preferenze sul sito web e, rilevando come usi il sito stesso, consentono di migliorarne ulteriormente le funzionalit\u00e0 e la sua fruibilit\u00e0 generale.<br \/>\nNel corso della navigazione potresti ricevere sul tuo terminale anche cookie di terze parti, che non sono sotto il nostro controllo, impostati direttamente da gestori di detti siti web e utilizzati per le finalit\u00e0 e secondo le modalit\u00e0 da questi definiti.<\/p>\n<p><strong>Il Sito utilizza le seguenti tipologie di cookies:<\/strong><\/p>\n<p><strong>COOKIES TECNICI (necessari)<br \/>\n<\/strong>Sono cookies indispensabili al fine di consentire la navigazione ed utilizzare tutte le funzionalit\u00e0 del Sito. Questi cookies non raccolgono informazioni che permettono di identificare l\u2019utente. Se disabilitati, la fruizione dei contenuti del Sito potrebbe venire compromessa e risultare impossibile o fortemente limitata. Tra i cookie tecnici rientrano anche i cookie di sessione, con funzione di memorizzazione delle scelte dell\u2019utente all\u2019interno del sito. Questi cookie vengono eliminati una volta usciti dal sito. Sono strettamente limitati alla trasmissione di identificativi di sessione (costituiti da numeri casuali generati dal server) necessari per consentire l\u2019esplorazione sicura ed efficiente del sito.<\/p>\n<p><u>Per l\u2019utilizzo dei cookies tecnici non \u00e8 richiesto alcun consenso da parte dell\u2019interessato.<\/u><\/p>\n<p><strong>COOKIES DI PROFILAZIONE (statistici e di marketing)<br \/>\n<\/strong>I cookie statistici aiutano i proprietari del sito web a capire come i visitatori interagiscono con i siti raccogliendo e trasmettendo informazioni in forma anonima.<br \/>\nI cookie di marketing vengono utilizzati per tracciare i visitatori sui siti web. La finalit\u00e0 \u00e8 quella di presentare annunci pubblicitari che siano rilevanti e coinvolgenti per il singolo utente e quindi di maggior valore per editori e inserzionisti di terze parti.<br \/>\nSi precisa che i cookies di profilazione possono provenire da siti gestiti da terze parti (cookie di terze parti). Un esempio comune \u00e8 l\u2019utilizzo dei cd. \u201csocial plugin\u201d per i principali social network. Si tratta di parti della pagina visitata integrati direttamente nella pagina del sito ospitante, ad esempio al fine di migliorare l\u2019esperienza di navigazione dell\u2019utente mediante la condivisione dei contenuti sui social network. La gestione delle informazioni raccolte dalle terze parti \u00e8 disciplinata dalle relative informative cui \u00e8 necessario fare riferimento per ogni chiarimento.<\/p>\n<p><strong>Tra i cookie statistici utilizzati dal sito, vi sono anche quelli di Google Analytics 4: si precisa che il Titolare ha attivato l\u2019anonimizzazione dell\u2019IP.<\/strong><\/p>\n<p><u>Per l\u2019utilizzo dei cookies di profilazione \u00e8 necessario il consenso dell\u2019interessato. Il consenso \u00e8 acquisito mediante il banner presente sul Sito. Puoi modificare in ogni momento le tue preferenze.<\/u><\/p>\n<p><strong>GESTIRE LE OPZIONI SUI COOKIES<br \/>\n<\/strong>Puoi rifiutare, disabilitare i cookie dal tuo browser e cancellare tutti i cookie che sono attualmente salvati sul tuo computer intervenendo nelle impostazioni del tuo web browser. Tieni presente che la modifica delle impostazioni dei cookie sui browser potrebbe impedire la possibilit\u00e0 di fruire completamente delle funzionalit\u00e0 del Sito.\u2028Ciascun browser presenta procedure diverse per la gestione delle impostazioni. Seleziona qui sotto il browser che stai utilizzando, per informazioni su come modificare le impostazioni dei cookie.<\/p>\n<p><a href=\"https:\/\/support.microsoft.com\/it-it\/topic\/descrizione-dei-cookie-ad01aa7e-66c9-8ab2-7898-6652c100999d\" target=\"_blank\" rel=\"noopener\">Microsoft Internet Explorer<\/a><\/p>\n<p><a href=\"https:\/\/support.google.com\/chrome\/answer\/95647?hl=it&amp;co=GENIE.Platform%3DDesktop\" target=\"_blank\" rel=\"noopener\">Google Chrome<\/a><\/p>\n<p><a href=\"https:\/\/support.mozilla.org\/it\/kb\/Gestione%20dei%20cookie\" target=\"_blank\" rel=\"noopener\">Mozilla Firefox<\/a><\/p>\n<p><a href=\"https:\/\/support.apple.com\/it-it\/guide\/deployment\/depf7d5714d4\/web\" target=\"_blank\" rel=\"noopener\">Apple Safari (iOS)<\/a><\/p>\n<p>La disattivazione dei cookie \u00e8 inoltre possibile attraverso il banner o, per i cookie di terza parte, attraverso le modalit\u00e0 rese disponibili direttamente dalla societ\u00e0 terza titolare per detto trattamento.<\/p>\n","protected":false},"excerpt":{"rendered":"<p>www.galvaninagroup.com Data ultimo aggiornamento: 22 dicembre 2022 Ai sensi degli artt. 13 GDPR e 122 del D.Lgs. 196\/2003 (\u201cCodice Privacy\u201d), come modificato dal D.lgs. 101\/2018, nonch\u00e9 in base a quanto previsto dal Provvedimento generale del Garante per la protezione dei dati personali n. 229 dell\u20198 maggio 2014, e dal pi\u00f9 recente Provvedimento n. 231 del [&hellip;]<\/p>\n","protected":false},"author":2,"featured_media":0,"parent":0,"menu_order":0,"comment_status":"closed","ping_status":"closed","template":"","meta":{"_acf_changed":false,"inline_featured_image":false,"footnotes":""},"class_list":["post-617","page","type-page","status-publish","hentry"],"acf":[],"yoast_head":"<!-- This site is optimized with the Yoast SEO plugin v27.2 - https:\/\/yoast.com\/product\/yoast-seo-wordpress\/ -->\n<title>Cookie Policy - Galvanina Group<\/title>\n<meta name=\"robots\" content=\"index, follow, max-snippet:-1, max-image-preview:large, max-video-preview:-1\" \/>\n<link rel=\"canonical\" href=\"https:\/\/galvaninagroup.com\/it\/cookie-policy\/\" \/>\n<meta property=\"og:locale\" content=\"it_IT\" \/>\n<meta property=\"og:type\" content=\"article\" \/>\n<meta property=\"og:title\" content=\"Cookie Policy - Galvanina Group\" \/>\n<meta property=\"og:description\" content=\"www.galvaninagroup.com Data ultimo aggiornamento: 22 dicembre 2022 Ai sensi degli artt. 13 GDPR e 122 del D.Lgs. 196\/2003 (\u201cCodice Privacy\u201d), come modificato dal D.lgs. 101\/2018, nonch\u00e9 in base a quanto previsto dal Provvedimento generale del Garante per la protezione dei dati personali n. 229 dell\u20198 maggio 2014, e dal pi\u00f9 recente Provvedimento n. 231 del [&hellip;]\" \/>\n<meta property=\"og:url\" content=\"https:\/\/galvaninagroup.com\/it\/cookie-policy\/\" \/>\n<meta property=\"og:site_name\" content=\"Galvanina Group\" \/>\n<meta property=\"og:image\" content=\"https:\/\/galvaninagroup.com\/wp-content\/uploads\/2023\/03\/galvanina-anteprima-pagina.jpg\" \/>\n\t<meta property=\"og:image:width\" content=\"1080\" \/>\n\t<meta property=\"og:image:height\" content=\"1080\" \/>\n\t<meta property=\"og:image:type\" content=\"image\/jpeg\" \/>\n<meta name=\"twitter:card\" content=\"summary_large_image\" \/>\n<script type=\"application\/ld+json\" class=\"yoast-schema-graph\">{\"@context\":\"https:\/\/schema.org\",\"@graph\":[{\"@type\":\"WebPage\",\"@id\":\"https:\/\/galvaninagroup.com\/it\/cookie-policy\/\",\"url\":\"https:\/\/galvaninagroup.com\/it\/cookie-policy\/\",\"name\":\"Cookie Policy - Galvanina Group\",\"isPartOf\":{\"@id\":\"https:\/\/galvaninagroup.com\/it\/#website\"},\"datePublished\":\"2022-12-22T09:41:50+00:00\",\"breadcrumb\":{\"@id\":\"https:\/\/galvaninagroup.com\/it\/cookie-policy\/#breadcrumb\"},\"inLanguage\":\"it-IT\",\"potentialAction\":[{\"@type\":\"ReadAction\",\"target\":[\"https:\/\/galvaninagroup.com\/it\/cookie-policy\/\"]}]},{\"@type\":\"BreadcrumbList\",\"@id\":\"https:\/\/galvaninagroup.com\/it\/cookie-policy\/#breadcrumb\",\"itemListElement\":[{\"@type\":\"ListItem\",\"position\":1,\"name\":\"Home\",\"item\":\"https:\/\/galvaninagroup.com\/it\/\"},{\"@type\":\"ListItem\",\"position\":2,\"name\":\"Cookie Policy\"}]},{\"@type\":\"WebSite\",\"@id\":\"https:\/\/galvaninagroup.com\/it\/#website\",\"url\":\"https:\/\/galvaninagroup.com\/it\/\",\"name\":\"Galvanina Group\",\"description\":\"\",\"potentialAction\":[{\"@type\":\"SearchAction\",\"target\":{\"@type\":\"EntryPoint\",\"urlTemplate\":\"https:\/\/galvaninagroup.com\/it\/?s={search_term_string}\"},\"query-input\":{\"@type\":\"PropertyValueSpecification\",\"valueRequired\":true,\"valueName\":\"search_term_string\"}}],\"inLanguage\":\"it-IT\"}]}<\/script>\n<!-- \/ Yoast SEO plugin. -->","yoast_head_json":{"title":"Cookie Policy - Galvanina Group","robots":{"index":"index","follow":"follow","max-snippet":"max-snippet:-1","max-image-preview":"max-image-preview:large","max-video-preview":"max-video-preview:-1"},"canonical":"https:\/\/galvaninagroup.com\/it\/cookie-policy\/","og_locale":"it_IT","og_type":"article","og_title":"Cookie Policy - Galvanina Group","og_description":"www.galvaninagroup.com Data ultimo aggiornamento: 22 dicembre 2022 Ai sensi degli artt. 13 GDPR e 122 del D.Lgs. 196\/2003 (\u201cCodice Privacy\u201d), come modificato dal D.lgs. 101\/2018, nonch\u00e9 in base a quanto previsto dal Provvedimento generale del Garante per la protezione dei dati personali n. 229 dell\u20198 maggio 2014, e dal pi\u00f9 recente Provvedimento n. 231 del [&hellip;]","og_url":"https:\/\/galvaninagroup.com\/it\/cookie-policy\/","og_site_name":"Galvanina Group","og_image":[{"width":1080,"height":1080,"url":"https:\/\/galvaninagroup.com\/wp-content\/uploads\/2023\/03\/galvanina-anteprima-pagina.jpg","type":"image\/jpeg"}],"twitter_card":"summary_large_image","schema":{"@context":"https:\/\/schema.org","@graph":[{"@type":"WebPage","@id":"https:\/\/galvaninagroup.com\/it\/cookie-policy\/","url":"https:\/\/galvaninagroup.com\/it\/cookie-policy\/","name":"Cookie Policy - Galvanina Group","isPartOf":{"@id":"https:\/\/galvaninagroup.com\/it\/#website"},"datePublished":"2022-12-22T09:41:50+00:00","breadcrumb":{"@id":"https:\/\/galvaninagroup.com\/it\/cookie-policy\/#breadcrumb"},"inLanguage":"it-IT","potentialAction":[{"@type":"ReadAction","target":["https:\/\/galvaninagroup.com\/it\/cookie-policy\/"]}]},{"@type":"BreadcrumbList","@id":"https:\/\/galvaninagroup.com\/it\/cookie-policy\/#breadcrumb","itemListElement":[{"@type":"ListItem","position":1,"name":"Home","item":"https:\/\/galvaninagroup.com\/it\/"},{"@type":"ListItem","position":2,"name":"Cookie Policy"}]},{"@type":"WebSite","@id":"https:\/\/galvaninagroup.com\/it\/#website","url":"https:\/\/galvaninagroup.com\/it\/","name":"Galvanina Group","description":"","potentialAction":[{"@type":"SearchAction","target":{"@type":"EntryPoint","urlTemplate":"https:\/\/galvaninagroup.com\/it\/?s={search_term_string}"},"query-input":{"@type":"PropertyValueSpecification","valueRequired":true,"valueName":"search_term_string"}}],"inLanguage":"it-IT"}]}},"_links":{"self":[{"href":"https:\/\/galvaninagroup.com\/it\/wp-json\/wp\/v2\/pages\/617","targetHints":{"allow":["GET"]}}],"collection":[{"href":"https:\/\/galvaninagroup.com\/it\/wp-json\/wp\/v2\/pages"}],"about":[{"href":"https:\/\/galvaninagroup.com\/it\/wp-json\/wp\/v2\/types\/page"}],"author":[{"embeddable":true,"href":"https:\/\/galvaninagroup.com\/it\/wp-json\/wp\/v2\/users\/2"}],"replies":[{"embeddable":true,"href":"https:\/\/galvaninagroup.com\/it\/wp-json\/wp\/v2\/comments?post=617"}],"version-history":[{"count":0,"href":"https:\/\/galvaninagroup.com\/it\/wp-json\/wp\/v2\/pages\/617\/revisions"}],"wp:attachment":[{"href":"https:\/\/galvaninagroup.com\/it\/wp-json\/wp\/v2\/media?parent=617"}],"curies":[{"name":"wp","href":"https:\/\/api.w.org\/{rel}","templated":true}]}}