{"id":619,"date":"2023-04-07T14:54:37","date_gmt":"2023-04-07T12:54:37","guid":{"rendered":"https:\/\/galvaninagroup.com\/legal-notices\/"},"modified":"2026-02-10T16:34:55","modified_gmt":"2026-02-10T15:34:55","slug":"legal-notices","status":"publish","type":"page","link":"https:\/\/galvaninagroup.com\/it\/legal-notices\/","title":{"rendered":"Legal Notices"},"content":{"rendered":"<p>L\u2019accesso a questo sito \u00e8 soggetto ai seguenti termini e condizioni. L\u2019accesso e la navigazione nel sito sono consentiti esclusivamente previa accettazione dei presenti termini e condizioni. Il sito non pu\u00f2 essere utilizzato n\u00e9 visitato senza aver accettato quanto qui previsto. L\u2019utilizzo del sito implica l\u2019accettazione dei presenti termini e condizioni.<\/p>\n<p><strong>1.<\/strong> Il presente sito e le informazioni in esso contenute, inclusi nomi, immagini, fotografie e riproduzioni, loghi e marchi relativi a Galvanina, sono riservati e tutelati dalle normative vigenti in materia di diritto d\u2019autore, marchi, brevetti e concorrenza sleale. Tutti i prodotti, le immagini, le riproduzioni, i loghi, i marchi e i brevetti sono di esclusiva propriet\u00e0 di Galvanina. Nessun altro soggetto \u00e8 titolare di licenze o diritti di utilizzo su tali beni. I contenuti del sito non possono in alcun modo essere interpretati come concessione di licenze o diritti di utilizzo dei prodotti o dei marchi di Galvanina. Eventuali violazioni saranno perseguite legalmente da Galvanina sulla base delle normative vigenti a tutela dei marchi, dei brevetti e contro la concorrenza sleale.<\/p>\n<p><strong>2.<\/strong> I prodotti e i servizi descritti nel presente sito potranno essere forniti compatibilmente con la loro disponibilit\u00e0, senza che la pubblicazione sul sito implichi alcuna garanzia (neppure implicita) circa la disponibilit\u00e0, la commerciabilit\u00e0, l\u2019idoneit\u00e0 a specifici utilizzi o la conformit\u00e0 alle normative vigenti nei diversi Paesi.<\/p>\n<p><strong>3.<\/strong> Galvanina non potr\u00e0 in alcun caso essere ritenuta responsabile, n\u00e9 contrattualmente n\u00e9 extracontrattualmente, per danni (inclusi danni indiretti o non quantificabili) derivanti dall\u2019impossibilit\u00e0 di utilizzo, dalla perdita di dati o di profitti comunque derivanti o connessi all\u2019uso del presente sito.<\/p>\n<p><strong>4.<\/strong> Il sito pu\u00f2 contenere pubblicazioni con dati tecnici inesatti o errori tipografici, che saranno corretti, a discrezione di Galvanina, non appena possibile. I dati contenuti nel sito potrebbero non essere aggiornati, poich\u00e9 il sito viene aggiornato solo periodicamente. Le modifiche ai dati pubblicati sul sito possono essere effettuate con un certo ritardo rispetto alle modifiche effettivamente apportate ai prodotti o ai dati ad essi relativi.<\/p>\n<p><strong>5.<\/strong> Galvanina potr\u00e0 in qualsiasi momento apportare modifiche ai presenti termini e condizioni di accesso, cos\u00ec come a qualsiasi altra parte del sito, senza obbligo di preavviso.<\/p>\n<p><strong>6.<\/strong> Galvanina non \u00e8 responsabile del contenuto dei siti collegati al proprio sito Internet, n\u00e9 di eventuali problemi derivanti dal collegamento indiretto tramite link ad altri siti.<\/p>\n<p><strong>7.<\/strong> Galvanina pubblicizza tutti i propri prodotti su questo sito. Ci\u00f2 non significa che tutti i prodotti siano commercializzati in ogni Paese, n\u00e9 che, se commercializzati, siano immediatamente disponibili in ciascun Paese. Gli interessati sono invitati a contattare direttamente la sede di Galvanina qualora necessitino di informazioni aggiornate.<\/p>\n<p><strong>8.<\/strong> I presenti termini e condizioni di accesso al sito sono regolati dalla legge italiana. Qualsiasi controversia derivante dall\u2019utilizzo del sito sar\u00e0 soggetta alla competenza esclusiva del Foro di Rimini, Italia.<\/p>\n<p><strong>9.<\/strong> GLI UTENTI CHE NON ACCETTANO INTEGRALMENTE I PRESENTI TERMINI E CONDIZIONI RELATIVI ALL\u2019UTILIZZO DEL SITO SONO INVITATI AD ABBANDONARE IMMEDIATAMENTE IL SITO E A NON UTILIZZARLO ULTERIORMENTE.<\/p>\n","protected":false},"excerpt":{"rendered":"<p>L\u2019accesso a questo sito \u00e8 soggetto ai seguenti termini e condizioni. L\u2019accesso e la navigazione nel sito sono consentiti esclusivamente previa accettazione dei presenti termini e condizioni. Il sito non pu\u00f2 essere utilizzato n\u00e9 visitato senza aver accettato quanto qui previsto. L\u2019utilizzo del sito implica l\u2019accettazione dei presenti termini e condizioni. 1. Il presente sito [&hellip;]<\/p>\n","protected":false},"author":2,"featured_media":0,"parent":0,"menu_order":0,"comment_status":"closed","ping_status":"closed","template":"","meta":{"_acf_changed":false,"inline_featured_image":false,"footnotes":""},"class_list":["post-619","page","type-page","status-publish","hentry"],"acf":[],"yoast_head":"<!-- This site is optimized with the Yoast SEO plugin v27.2 - https:\/\/yoast.com\/product\/yoast-seo-wordpress\/ -->\n<title>Legal Notices - Galvanina Group<\/title>\n<meta name=\"robots\" content=\"index, follow, max-snippet:-1, max-image-preview:large, max-video-preview:-1\" \/>\n<link rel=\"canonical\" href=\"https:\/\/galvaninagroup.com\/it\/legal-notices\/\" \/>\n<meta property=\"og:locale\" content=\"it_IT\" \/>\n<meta property=\"og:type\" content=\"article\" \/>\n<meta property=\"og:title\" content=\"Legal Notices - Galvanina Group\" \/>\n<meta property=\"og:description\" content=\"L\u2019accesso a questo sito \u00e8 soggetto ai seguenti termini e condizioni. L\u2019accesso e la navigazione nel sito sono consentiti esclusivamente previa accettazione dei presenti termini e condizioni. Il sito non pu\u00f2 essere utilizzato n\u00e9 visitato senza aver accettato quanto qui previsto. L\u2019utilizzo del sito implica l\u2019accettazione dei presenti termini e condizioni. 1. Il presente sito [&hellip;]\" \/>\n<meta property=\"og:url\" content=\"https:\/\/galvaninagroup.com\/it\/legal-notices\/\" \/>\n<meta property=\"og:site_name\" content=\"Galvanina Group\" \/>\n<meta property=\"article:modified_time\" content=\"2026-02-10T15:34:55+00:00\" \/>\n<meta property=\"og:image\" content=\"https:\/\/galvaninagroup.com\/wp-content\/uploads\/2023\/03\/galvanina-anteprima-pagina.jpg\" \/>\n\t<meta property=\"og:image:width\" content=\"1080\" \/>\n\t<meta property=\"og:image:height\" content=\"1080\" \/>\n\t<meta property=\"og:image:type\" content=\"image\/jpeg\" \/>\n<meta name=\"twitter:card\" content=\"summary_large_image\" \/>\n<script type=\"application\/ld+json\" class=\"yoast-schema-graph\">{\"@context\":\"https:\/\/schema.org\",\"@graph\":[{\"@type\":\"WebPage\",\"@id\":\"https:\/\/galvaninagroup.com\/it\/legal-notices\/\",\"url\":\"https:\/\/galvaninagroup.com\/it\/legal-notices\/\",\"name\":\"Legal Notices - Galvanina Group\",\"isPartOf\":{\"@id\":\"https:\/\/galvaninagroup.com\/it\/#website\"},\"datePublished\":\"2023-04-07T12:54:37+00:00\",\"dateModified\":\"2026-02-10T15:34:55+00:00\",\"breadcrumb\":{\"@id\":\"https:\/\/galvaninagroup.com\/it\/legal-notices\/#breadcrumb\"},\"inLanguage\":\"it-IT\",\"potentialAction\":[{\"@type\":\"ReadAction\",\"target\":[\"https:\/\/galvaninagroup.com\/it\/legal-notices\/\"]}]},{\"@type\":\"BreadcrumbList\",\"@id\":\"https:\/\/galvaninagroup.com\/it\/legal-notices\/#breadcrumb\",\"itemListElement\":[{\"@type\":\"ListItem\",\"position\":1,\"name\":\"Home\",\"item\":\"https:\/\/galvaninagroup.com\/it\/\"},{\"@type\":\"ListItem\",\"position\":2,\"name\":\"Legal Notices\"}]},{\"@type\":\"WebSite\",\"@id\":\"https:\/\/galvaninagroup.com\/it\/#website\",\"url\":\"https:\/\/galvaninagroup.com\/it\/\",\"name\":\"Galvanina Group\",\"description\":\"\",\"potentialAction\":[{\"@type\":\"SearchAction\",\"target\":{\"@type\":\"EntryPoint\",\"urlTemplate\":\"https:\/\/galvaninagroup.com\/it\/?s={search_term_string}\"},\"query-input\":{\"@type\":\"PropertyValueSpecification\",\"valueRequired\":true,\"valueName\":\"search_term_string\"}}],\"inLanguage\":\"it-IT\"}]}<\/script>\n<!-- \/ Yoast SEO plugin. -->","yoast_head_json":{"title":"Legal Notices - Galvanina Group","robots":{"index":"index","follow":"follow","max-snippet":"max-snippet:-1","max-image-preview":"max-image-preview:large","max-video-preview":"max-video-preview:-1"},"canonical":"https:\/\/galvaninagroup.com\/it\/legal-notices\/","og_locale":"it_IT","og_type":"article","og_title":"Legal Notices - Galvanina Group","og_description":"L\u2019accesso a questo sito \u00e8 soggetto ai seguenti termini e condizioni. L\u2019accesso e la navigazione nel sito sono consentiti esclusivamente previa accettazione dei presenti termini e condizioni. Il sito non pu\u00f2 essere utilizzato n\u00e9 visitato senza aver accettato quanto qui previsto. L\u2019utilizzo del sito implica l\u2019accettazione dei presenti termini e condizioni. 1. Il presente sito [&hellip;]","og_url":"https:\/\/galvaninagroup.com\/it\/legal-notices\/","og_site_name":"Galvanina Group","article_modified_time":"2026-02-10T15:34:55+00:00","og_image":[{"width":1080,"height":1080,"url":"https:\/\/galvaninagroup.com\/wp-content\/uploads\/2023\/03\/galvanina-anteprima-pagina.jpg","type":"image\/jpeg"}],"twitter_card":"summary_large_image","schema":{"@context":"https:\/\/schema.org","@graph":[{"@type":"WebPage","@id":"https:\/\/galvaninagroup.com\/it\/legal-notices\/","url":"https:\/\/galvaninagroup.com\/it\/legal-notices\/","name":"Legal Notices - Galvanina Group","isPartOf":{"@id":"https:\/\/galvaninagroup.com\/it\/#website"},"datePublished":"2023-04-07T12:54:37+00:00","dateModified":"2026-02-10T15:34:55+00:00","breadcrumb":{"@id":"https:\/\/galvaninagroup.com\/it\/legal-notices\/#breadcrumb"},"inLanguage":"it-IT","potentialAction":[{"@type":"ReadAction","target":["https:\/\/galvaninagroup.com\/it\/legal-notices\/"]}]},{"@type":"BreadcrumbList","@id":"https:\/\/galvaninagroup.com\/it\/legal-notices\/#breadcrumb","itemListElement":[{"@type":"ListItem","position":1,"name":"Home","item":"https:\/\/galvaninagroup.com\/it\/"},{"@type":"ListItem","position":2,"name":"Legal Notices"}]},{"@type":"WebSite","@id":"https:\/\/galvaninagroup.com\/it\/#website","url":"https:\/\/galvaninagroup.com\/it\/","name":"Galvanina Group","description":"","potentialAction":[{"@type":"SearchAction","target":{"@type":"EntryPoint","urlTemplate":"https:\/\/galvaninagroup.com\/it\/?s={search_term_string}"},"query-input":{"@type":"PropertyValueSpecification","valueRequired":true,"valueName":"search_term_string"}}],"inLanguage":"it-IT"}]}},"_links":{"self":[{"href":"https:\/\/galvaninagroup.com\/it\/wp-json\/wp\/v2\/pages\/619","targetHints":{"allow":["GET"]}}],"collection":[{"href":"https:\/\/galvaninagroup.com\/it\/wp-json\/wp\/v2\/pages"}],"about":[{"href":"https:\/\/galvaninagroup.com\/it\/wp-json\/wp\/v2\/types\/page"}],"author":[{"embeddable":true,"href":"https:\/\/galvaninagroup.com\/it\/wp-json\/wp\/v2\/users\/2"}],"replies":[{"embeddable":true,"href":"https:\/\/galvaninagroup.com\/it\/wp-json\/wp\/v2\/comments?post=619"}],"version-history":[{"count":1,"href":"https:\/\/galvaninagroup.com\/it\/wp-json\/wp\/v2\/pages\/619\/revisions"}],"predecessor-version":[{"id":620,"href":"https:\/\/galvaninagroup.com\/it\/wp-json\/wp\/v2\/pages\/619\/revisions\/620"}],"wp:attachment":[{"href":"https:\/\/galvaninagroup.com\/it\/wp-json\/wp\/v2\/media?parent=619"}],"curies":[{"name":"wp","href":"https:\/\/api.w.org\/{rel}","templated":true}]}}